{"id":769,"date":"2025-05-14T16:28:05","date_gmt":"2025-05-14T14:28:05","guid":{"rendered":"https:\/\/www.hobbynext.be\/?page_id=769"},"modified":"2025-05-14T16:28:05","modified_gmt":"2025-05-14T14:28:05","slug":"meedoen-aan-bordspel-events","status":"publish","type":"page","link":"https:\/\/www.hobbynext.be\/nl\/meedoen-aan-bordspel-events\/","title":{"rendered":"Meedoen aan bordspel events"},"content":{"rendered":"","protected":false},"excerpt":{"rendered":"","protected":false},"author":7,"featured_media":0,"parent":0,"menu_order":0,"comment_status":"closed","ping_status":"closed","template":"tpl-events.php","meta":{"_acf_changed":false,"inline_featured_image":false,"footnotes":""},"acf":[],"yoast_head":"<!-- This site is optimized with the Yoast SEO plugin v22.9 - https:\/\/yoast.com\/wordpress\/plugins\/seo\/ -->\n<title>Meedoen aan bordspel events - hobbynext.be<\/title>\n<meta name=\"robots\" content=\"index, follow, max-snippet:-1, max-image-preview:large, max-video-preview:-1\" \/>\n<link rel=\"canonical\" href=\"https:\/\/www.hobbynext.be\/nl\/meedoen-aan-bordspel-events\/\" \/>\n<meta property=\"og:locale\" content=\"nl_NL\" \/>\n<meta property=\"og:type\" content=\"article\" \/>\n<meta property=\"og:title\" content=\"Meedoen aan bordspel events - hobbynext.be\" \/>\n<meta property=\"og:url\" content=\"https:\/\/www.hobbynext.be\/nl\/meedoen-aan-bordspel-events\/\" \/>\n<meta property=\"og:site_name\" content=\"hobbynext.be\" \/>\n<meta name=\"twitter:card\" content=\"summary_large_image\" \/>\n<script type=\"application\/ld+json\" class=\"yoast-schema-graph\">{\"@context\":\"https:\/\/schema.org\",\"@graph\":[{\"@type\":\"WebPage\",\"@id\":\"https:\/\/www.hobbynext.be\/nl\/meedoen-aan-bordspel-events\/\",\"url\":\"https:\/\/www.hobbynext.be\/nl\/meedoen-aan-bordspel-events\/\",\"name\":\"Meedoen aan bordspel events - hobbynext.be\",\"isPartOf\":{\"@id\":\"https:\/\/www.hobbynext.be\/en\/#website\"},\"datePublished\":\"2025-05-14T14:28:05+00:00\",\"dateModified\":\"2025-05-14T14:28:05+00:00\",\"breadcrumb\":{\"@id\":\"https:\/\/www.hobbynext.be\/nl\/meedoen-aan-bordspel-events\/#breadcrumb\"},\"inLanguage\":\"nl-NL\",\"potentialAction\":[{\"@type\":\"ReadAction\",\"target\":[\"https:\/\/www.hobbynext.be\/nl\/meedoen-aan-bordspel-events\/\"]}]},{\"@type\":\"BreadcrumbList\",\"@id\":\"https:\/\/www.hobbynext.be\/nl\/meedoen-aan-bordspel-events\/#breadcrumb\",\"itemListElement\":[{\"@type\":\"ListItem\",\"position\":1,\"name\":\"Home\",\"item\":\"https:\/\/www.hobbynext.be\/nl\/\"},{\"@type\":\"ListItem\",\"position\":2,\"name\":\"Meedoen aan bordspel events\"}]},{\"@type\":\"WebSite\",\"@id\":\"https:\/\/www.hobbynext.be\/en\/#website\",\"url\":\"https:\/\/www.hobbynext.be\/en\/\",\"name\":\"hobbynext.be\",\"description\":\"Obtenez des tr\u00e9sors en \u00e9dition limit\u00e9e\",\"publisher\":{\"@id\":\"https:\/\/www.hobbynext.be\/en\/#organization\"},\"potentialAction\":[{\"@type\":\"SearchAction\",\"target\":{\"@type\":\"EntryPoint\",\"urlTemplate\":\"https:\/\/www.hobbynext.be\/en\/?s={search_term_string}\"},\"query-input\":\"required name=search_term_string\"}],\"inLanguage\":\"nl-NL\"},{\"@type\":\"Organization\",\"@id\":\"https:\/\/www.hobbynext.be\/en\/#organization\",\"name\":\"hobbynext.be\",\"url\":\"https:\/\/www.hobbynext.be\/en\/\",\"logo\":{\"@type\":\"ImageObject\",\"inLanguage\":\"nl-NL\",\"@id\":\"https:\/\/www.hobbynext.be\/en\/#\/schema\/logo\/image\/\",\"url\":\"https:\/\/cdn.svc.asmodee.net\/production-hobbynext\/uploads\/sites\/10\/2024\/09\/cropped-23025_Hobby-Next_Metabar-Icon_Final_Colour-Black.png\",\"contentUrl\":\"https:\/\/cdn.svc.asmodee.net\/production-hobbynext\/uploads\/sites\/10\/2024\/09\/cropped-23025_Hobby-Next_Metabar-Icon_Final_Colour-Black.png\",\"width\":871,\"height\":755,\"caption\":\"hobbynext.be\"},\"image\":{\"@id\":\"https:\/\/www.hobbynext.be\/en\/#\/schema\/logo\/image\/\"}}]}<\/script>\n<!-- \/ Yoast SEO plugin. -->","yoast_head_json":{"title":"Meedoen aan bordspel events - hobbynext.be","robots":{"index":"index","follow":"follow","max-snippet":"max-snippet:-1","max-image-preview":"max-image-preview:large","max-video-preview":"max-video-preview:-1"},"canonical":"https:\/\/www.hobbynext.be\/nl\/meedoen-aan-bordspel-events\/","og_locale":"nl_NL","og_type":"article","og_title":"Meedoen aan bordspel events - hobbynext.be","og_url":"https:\/\/www.hobbynext.be\/nl\/meedoen-aan-bordspel-events\/","og_site_name":"hobbynext.be","twitter_card":"summary_large_image","schema":{"@context":"https:\/\/schema.org","@graph":[{"@type":"WebPage","@id":"https:\/\/www.hobbynext.be\/nl\/meedoen-aan-bordspel-events\/","url":"https:\/\/www.hobbynext.be\/nl\/meedoen-aan-bordspel-events\/","name":"Meedoen aan bordspel events - hobbynext.be","isPartOf":{"@id":"https:\/\/www.hobbynext.be\/en\/#website"},"datePublished":"2025-05-14T14:28:05+00:00","dateModified":"2025-05-14T14:28:05+00:00","breadcrumb":{"@id":"https:\/\/www.hobbynext.be\/nl\/meedoen-aan-bordspel-events\/#breadcrumb"},"inLanguage":"nl-NL","potentialAction":[{"@type":"ReadAction","target":["https:\/\/www.hobbynext.be\/nl\/meedoen-aan-bordspel-events\/"]}]},{"@type":"BreadcrumbList","@id":"https:\/\/www.hobbynext.be\/nl\/meedoen-aan-bordspel-events\/#breadcrumb","itemListElement":[{"@type":"ListItem","position":1,"name":"Home","item":"https:\/\/www.hobbynext.be\/nl\/"},{"@type":"ListItem","position":2,"name":"Meedoen aan bordspel events"}]},{"@type":"WebSite","@id":"https:\/\/www.hobbynext.be\/en\/#website","url":"https:\/\/www.hobbynext.be\/en\/","name":"hobbynext.be","description":"Obtenez des tr\u00e9sors en \u00e9dition limit\u00e9e","publisher":{"@id":"https:\/\/www.hobbynext.be\/en\/#organization"},"potentialAction":[{"@type":"SearchAction","target":{"@type":"EntryPoint","urlTemplate":"https:\/\/www.hobbynext.be\/en\/?s={search_term_string}"},"query-input":"required name=search_term_string"}],"inLanguage":"nl-NL"},{"@type":"Organization","@id":"https:\/\/www.hobbynext.be\/en\/#organization","name":"hobbynext.be","url":"https:\/\/www.hobbynext.be\/en\/","logo":{"@type":"ImageObject","inLanguage":"nl-NL","@id":"https:\/\/www.hobbynext.be\/en\/#\/schema\/logo\/image\/","url":"https:\/\/cdn.svc.asmodee.net\/production-hobbynext\/uploads\/sites\/10\/2024\/09\/cropped-23025_Hobby-Next_Metabar-Icon_Final_Colour-Black.png","contentUrl":"https:\/\/cdn.svc.asmodee.net\/production-hobbynext\/uploads\/sites\/10\/2024\/09\/cropped-23025_Hobby-Next_Metabar-Icon_Final_Colour-Black.png","width":871,"height":755,"caption":"hobbynext.be"},"image":{"@id":"https:\/\/www.hobbynext.be\/en\/#\/schema\/logo\/image\/"}}]}},"_links":{"self":[{"href":"https:\/\/www.hobbynext.be\/nl\/wp-json\/wp\/v2\/pages\/769"}],"collection":[{"href":"https:\/\/www.hobbynext.be\/nl\/wp-json\/wp\/v2\/pages"}],"about":[{"href":"https:\/\/www.hobbynext.be\/nl\/wp-json\/wp\/v2\/types\/page"}],"author":[{"embeddable":true,"href":"https:\/\/www.hobbynext.be\/nl\/wp-json\/wp\/v2\/users\/7"}],"replies":[{"embeddable":true,"href":"https:\/\/www.hobbynext.be\/nl\/wp-json\/wp\/v2\/comments?post=769"}],"version-history":[{"count":1,"href":"https:\/\/www.hobbynext.be\/nl\/wp-json\/wp\/v2\/pages\/769\/revisions"}],"predecessor-version":[{"id":770,"href":"https:\/\/www.hobbynext.be\/nl\/wp-json\/wp\/v2\/pages\/769\/revisions\/770"}],"wp:attachment":[{"href":"https:\/\/www.hobbynext.be\/nl\/wp-json\/wp\/v2\/media?parent=769"}],"curies":[{"name":"wp","href":"https:\/\/api.w.org\/{rel}","templated":true}]}}