{"id":131,"date":"2024-09-19T15:22:09","date_gmt":"2024-09-19T13:22:09","guid":{"rendered":"https:\/\/www.hobbynext.be\/juridische-vermeldingen\/"},"modified":"2025-01-21T15:35:30","modified_gmt":"2025-01-21T13:35:30","slug":"juridische-vermeldingen","status":"publish","type":"page","link":"https:\/\/www.hobbynext.be\/nl\/juridische-vermeldingen\/","title":{"rendered":"Juridische vermeldingen"},"content":{"rendered":"\n<p><\/p>\n\n\n\n<p><strong>Website-redacteur<\/strong>&nbsp;:<\/p>\n\n\n\n<p><strong>ASMODEE BELGIUM N.V.<\/strong>, met maatschappelijke zetel te 3070 Kortenberg, Theodoor Swartsstraat 3, ingeschreven bij de Kruispuntbank van Ondernemingen onder nummer 0429.666.250.<\/p>\n\n\n\n<p>Contact: info_be@asmodee.com<\/p>\n\n\n\n<p>Publicatiedirecteur: Bert De Smet<\/p>\n\n\n\n<p><strong>Website host<\/strong><\/p>\n\n\n\n<p>De&nbsp;<strong>Asmodee Belgium<\/strong>&nbsp;-website wordt gehost door Amazon Web Services:<\/p>\n\n\n\n<p>Amazon Web Services, Inc.<\/p>\n\n\n\n<p>P.O. Box 81226<\/p>\n\n\n\n<p>Seattle, WA 98108-1226.<\/p>\n\n\n\n<p><\/p>\n","protected":false},"excerpt":{"rendered":"<p>Website-redacteur&nbsp;: ASMODEE BELGIUM N.V., met maatschappelijke zetel te 3070 Kortenberg, Theodoor Swartsstraat 3, ingeschreven bij de Kruispuntbank van Ondernemingen onder nummer 0429.666.250. Contact: info_be@asmodee.com Publicatiedirecteur: Bert De Smet Website host De&nbsp;Asmodee Belgium&nbsp;-website wordt gehost door Amazon Web Services: Amazon Web Services, Inc. P.O. Box 81226 Seattle, WA 98108-1226.<\/p>\n","protected":false},"author":7,"featured_media":0,"parent":0,"menu_order":0,"comment_status":"closed","ping_status":"closed","template":"page-legals.php","meta":{"_acf_changed":false,"inline_featured_image":false,"footnotes":""},"acf":[],"yoast_head":"<!-- This site is optimized with the Yoast SEO plugin v22.9 - https:\/\/yoast.com\/wordpress\/plugins\/seo\/ -->\n<title>Juridische vermeldingen - hobbynext.be<\/title>\n<meta name=\"robots\" content=\"index, follow, max-snippet:-1, max-image-preview:large, max-video-preview:-1\" \/>\n<link rel=\"canonical\" href=\"https:\/\/www.hobbynext.be\/nl\/juridische-vermeldingen\/\" \/>\n<meta property=\"og:locale\" content=\"nl_NL\" \/>\n<meta property=\"og:type\" content=\"article\" \/>\n<meta property=\"og:title\" content=\"Juridische vermeldingen - hobbynext.be\" \/>\n<meta property=\"og:description\" content=\"Website-redacteur&nbsp;: ASMODEE BELGIUM N.V., met maatschappelijke zetel te 3070 Kortenberg, Theodoor Swartsstraat 3, ingeschreven bij de Kruispuntbank van Ondernemingen onder nummer 0429.666.250. Contact: info_be@asmodee.com Publicatiedirecteur: Bert De Smet Website host De&nbsp;Asmodee Belgium&nbsp;-website wordt gehost door Amazon Web Services: Amazon Web Services, Inc. P.O. Box 81226 Seattle, WA 98108-1226.\" \/>\n<meta property=\"og:url\" content=\"https:\/\/www.hobbynext.be\/nl\/juridische-vermeldingen\/\" \/>\n<meta property=\"og:site_name\" content=\"hobbynext.be\" \/>\n<meta property=\"article:modified_time\" content=\"2025-01-21T13:35:30+00:00\" \/>\n<meta name=\"twitter:card\" content=\"summary_large_image\" \/>\n<meta name=\"twitter:label1\" content=\"Est. reading time\" \/>\n\t<meta name=\"twitter:data1\" content=\"1 minuut\" \/>\n<script type=\"application\/ld+json\" class=\"yoast-schema-graph\">{\"@context\":\"https:\/\/schema.org\",\"@graph\":[{\"@type\":\"WebPage\",\"@id\":\"https:\/\/www.hobbynext.be\/nl\/juridische-vermeldingen\/\",\"url\":\"https:\/\/www.hobbynext.be\/nl\/juridische-vermeldingen\/\",\"name\":\"Juridische vermeldingen - hobbynext.be\",\"isPartOf\":{\"@id\":\"https:\/\/www.hobbynext.be\/en\/#website\"},\"datePublished\":\"2024-09-19T13:22:09+00:00\",\"dateModified\":\"2025-01-21T13:35:30+00:00\",\"breadcrumb\":{\"@id\":\"https:\/\/www.hobbynext.be\/nl\/juridische-vermeldingen\/#breadcrumb\"},\"inLanguage\":\"nl-NL\",\"potentialAction\":[{\"@type\":\"ReadAction\",\"target\":[\"https:\/\/www.hobbynext.be\/nl\/juridische-vermeldingen\/\"]}]},{\"@type\":\"BreadcrumbList\",\"@id\":\"https:\/\/www.hobbynext.be\/nl\/juridische-vermeldingen\/#breadcrumb\",\"itemListElement\":[{\"@type\":\"ListItem\",\"position\":1,\"name\":\"Home\",\"item\":\"https:\/\/www.hobbynext.be\/nl\/\"},{\"@type\":\"ListItem\",\"position\":2,\"name\":\"Juridische vermeldingen\"}]},{\"@type\":\"WebSite\",\"@id\":\"https:\/\/www.hobbynext.be\/en\/#website\",\"url\":\"https:\/\/www.hobbynext.be\/en\/\",\"name\":\"hobbynext.be\",\"description\":\"Obtenez des tr\u00e9sors en \u00e9dition limit\u00e9e\",\"publisher\":{\"@id\":\"https:\/\/www.hobbynext.be\/en\/#organization\"},\"potentialAction\":[{\"@type\":\"SearchAction\",\"target\":{\"@type\":\"EntryPoint\",\"urlTemplate\":\"https:\/\/www.hobbynext.be\/en\/?s={search_term_string}\"},\"query-input\":\"required name=search_term_string\"}],\"inLanguage\":\"nl-NL\"},{\"@type\":\"Organization\",\"@id\":\"https:\/\/www.hobbynext.be\/en\/#organization\",\"name\":\"hobbynext.be\",\"url\":\"https:\/\/www.hobbynext.be\/en\/\",\"logo\":{\"@type\":\"ImageObject\",\"inLanguage\":\"nl-NL\",\"@id\":\"https:\/\/www.hobbynext.be\/en\/#\/schema\/logo\/image\/\",\"url\":\"https:\/\/cdn.svc.asmodee.net\/production-hobbynext\/uploads\/sites\/10\/2024\/09\/cropped-23025_Hobby-Next_Metabar-Icon_Final_Colour-Black.png\",\"contentUrl\":\"https:\/\/cdn.svc.asmodee.net\/production-hobbynext\/uploads\/sites\/10\/2024\/09\/cropped-23025_Hobby-Next_Metabar-Icon_Final_Colour-Black.png\",\"width\":871,\"height\":755,\"caption\":\"hobbynext.be\"},\"image\":{\"@id\":\"https:\/\/www.hobbynext.be\/en\/#\/schema\/logo\/image\/\"}}]}<\/script>\n<!-- \/ Yoast SEO plugin. -->","yoast_head_json":{"title":"Juridische vermeldingen - hobbynext.be","robots":{"index":"index","follow":"follow","max-snippet":"max-snippet:-1","max-image-preview":"max-image-preview:large","max-video-preview":"max-video-preview:-1"},"canonical":"https:\/\/www.hobbynext.be\/nl\/juridische-vermeldingen\/","og_locale":"nl_NL","og_type":"article","og_title":"Juridische vermeldingen - hobbynext.be","og_description":"Website-redacteur&nbsp;: ASMODEE BELGIUM N.V., met maatschappelijke zetel te 3070 Kortenberg, Theodoor Swartsstraat 3, ingeschreven bij de Kruispuntbank van Ondernemingen onder nummer 0429.666.250. Contact: info_be@asmodee.com Publicatiedirecteur: Bert De Smet Website host De&nbsp;Asmodee Belgium&nbsp;-website wordt gehost door Amazon Web Services: Amazon Web Services, Inc. P.O. Box 81226 Seattle, WA 98108-1226.","og_url":"https:\/\/www.hobbynext.be\/nl\/juridische-vermeldingen\/","og_site_name":"hobbynext.be","article_modified_time":"2025-01-21T13:35:30+00:00","twitter_card":"summary_large_image","twitter_misc":{"Est. reading time":"1 minuut"},"schema":{"@context":"https:\/\/schema.org","@graph":[{"@type":"WebPage","@id":"https:\/\/www.hobbynext.be\/nl\/juridische-vermeldingen\/","url":"https:\/\/www.hobbynext.be\/nl\/juridische-vermeldingen\/","name":"Juridische vermeldingen - hobbynext.be","isPartOf":{"@id":"https:\/\/www.hobbynext.be\/en\/#website"},"datePublished":"2024-09-19T13:22:09+00:00","dateModified":"2025-01-21T13:35:30+00:00","breadcrumb":{"@id":"https:\/\/www.hobbynext.be\/nl\/juridische-vermeldingen\/#breadcrumb"},"inLanguage":"nl-NL","potentialAction":[{"@type":"ReadAction","target":["https:\/\/www.hobbynext.be\/nl\/juridische-vermeldingen\/"]}]},{"@type":"BreadcrumbList","@id":"https:\/\/www.hobbynext.be\/nl\/juridische-vermeldingen\/#breadcrumb","itemListElement":[{"@type":"ListItem","position":1,"name":"Home","item":"https:\/\/www.hobbynext.be\/nl\/"},{"@type":"ListItem","position":2,"name":"Juridische vermeldingen"}]},{"@type":"WebSite","@id":"https:\/\/www.hobbynext.be\/en\/#website","url":"https:\/\/www.hobbynext.be\/en\/","name":"hobbynext.be","description":"Obtenez des tr\u00e9sors en \u00e9dition limit\u00e9e","publisher":{"@id":"https:\/\/www.hobbynext.be\/en\/#organization"},"potentialAction":[{"@type":"SearchAction","target":{"@type":"EntryPoint","urlTemplate":"https:\/\/www.hobbynext.be\/en\/?s={search_term_string}"},"query-input":"required name=search_term_string"}],"inLanguage":"nl-NL"},{"@type":"Organization","@id":"https:\/\/www.hobbynext.be\/en\/#organization","name":"hobbynext.be","url":"https:\/\/www.hobbynext.be\/en\/","logo":{"@type":"ImageObject","inLanguage":"nl-NL","@id":"https:\/\/www.hobbynext.be\/en\/#\/schema\/logo\/image\/","url":"https:\/\/cdn.svc.asmodee.net\/production-hobbynext\/uploads\/sites\/10\/2024\/09\/cropped-23025_Hobby-Next_Metabar-Icon_Final_Colour-Black.png","contentUrl":"https:\/\/cdn.svc.asmodee.net\/production-hobbynext\/uploads\/sites\/10\/2024\/09\/cropped-23025_Hobby-Next_Metabar-Icon_Final_Colour-Black.png","width":871,"height":755,"caption":"hobbynext.be"},"image":{"@id":"https:\/\/www.hobbynext.be\/en\/#\/schema\/logo\/image\/"}}]}},"_links":{"self":[{"href":"https:\/\/www.hobbynext.be\/nl\/wp-json\/wp\/v2\/pages\/131"}],"collection":[{"href":"https:\/\/www.hobbynext.be\/nl\/wp-json\/wp\/v2\/pages"}],"about":[{"href":"https:\/\/www.hobbynext.be\/nl\/wp-json\/wp\/v2\/types\/page"}],"author":[{"embeddable":true,"href":"https:\/\/www.hobbynext.be\/nl\/wp-json\/wp\/v2\/users\/7"}],"replies":[{"embeddable":true,"href":"https:\/\/www.hobbynext.be\/nl\/wp-json\/wp\/v2\/comments?post=131"}],"version-history":[{"count":2,"href":"https:\/\/www.hobbynext.be\/nl\/wp-json\/wp\/v2\/pages\/131\/revisions"}],"predecessor-version":[{"id":572,"href":"https:\/\/www.hobbynext.be\/nl\/wp-json\/wp\/v2\/pages\/131\/revisions\/572"}],"wp:attachment":[{"href":"https:\/\/www.hobbynext.be\/nl\/wp-json\/wp\/v2\/media?parent=131"}],"curies":[{"name":"wp","href":"https:\/\/api.w.org\/{rel}","templated":true}]}}