{"id":121,"date":"2024-09-19T14:47:39","date_gmt":"2024-09-19T12:47:39","guid":{"rendered":"https:\/\/www.hobbynext.be\/spellenwinkels\/"},"modified":"2024-10-07T14:42:11","modified_gmt":"2024-10-07T12:42:11","slug":"spellenwinkels","status":"publish","type":"page","link":"https:\/\/www.hobbynext.be\/nl\/spellenwinkels\/","title":{"rendered":"Spellenwinkels"},"content":{"rendered":"<div id=\"wpsl-wrap\">\r\n    <div class=\"asmodee-topbar-target\"><\/div>\n\n    <script>\n        var navBarConf = {\n            new_design: true,\n            currentLanguage: 'nl',\n            client_id: 'hobby-next',\n            base_is_host: \"https:\/\/account.asmodee.net\",\n            base_url: \"https:\/\/api.asmodee.net\/main\/v1\",\n            response_type: \"code token id_token\",\n            scope: \"openid+public+profile+email+private+address\",\n            redirect_uri: 'https:\/\/www.hobbynext.be\/',\n            extraparam: null,\n            logout_redirect_uri: 'https:\/\/www.hobbynext.be\/',\n            disabled: [\"gift\", \"experts\", \"asmodee\", \"un\", \"hn\", \"sl\"],\n            enabled: [\"pnp\", \"bga\"],\n            social_disabled: [\"twitch\", \"tiktok\", \"linkedin\", \"fb\", \"insta\", \"tw\", \"yt\"],\n            targetMobile: \".header__footer-bis\",\n            target: \".asmodee-topbar-target\",\n            themeMobile: \"has-back\",\n            post_login_redirect: false,\n            post_login_event: true,\n            languages: [\n                                {\n                    \"lang\": \"fr\",\n                    \"text\": \"FR\",\n                    \"link\": \"https:\/\/www.hobbynext.be\/\",\n                    \"textMobile\": \"Version Fran\u00e7ais\"\n                },\n                {\n                    \"lang\": \"nl\",\n                    \"text\": \"NL\",\n                    \"link\": \"https:\/\/www.hobbynext.be\/nl\/\",\n                    \"textMobile\": \"Version Nederlands\"\n                }            ],\n        };\n        (function (w, d, s, o, f, js, fjs) {\n            w[\"Asmodee-TopBar\"] = o;\n            w[o] = w[o] || function () {\n                (w[o].q = w[o].q || []).push(arguments);\n            };\n            js = d.createElement(s), fjs = d.getElementsByTagName(s)[0];\n            js.id = o;\n            js.src = f;\n            js.async = 1;\n            fjs.parentNode.insertBefore(js, fjs);\n        }(window, document, \"script\", \"atb\", \"\/\/nav.asmodee.net\/dist\/1.7.10\/asmodee-navbar-full.1.7.10.js\"));\n        atb(\"init\", navBarConf);\n        atb(\"display\");\n    <\/script>\n    \t<div class=\"wpsl-hero\">\r\n\t\t<div class=\"wpsl-header\">\r\n\t\t\t<a href=\"https:\/\/www.hobbynext.be\/nl\/\"><img decoding=\"async\" class=\"header__logo\" src=\"\/wp-content\/themes\/hobbynext\/assets\/img\/logo.svg\" alt=\"HobbyNext logo\"><\/a>\r\n\t\t\t<a href=\"https:\/\/www.hobbynext.be\/nl\/\"><svg class=\"icon \" width=\"24\" height=\"24\"><use xlink:href=\"\/wp-content\/themes\/hobbynext\/src\/img\/sprite.svg#close\"><\/use><\/svg><\/a>\r\n\t\t<\/div>\r\n\t\t<h1 class=\"wpsl-title\">Vind schatten bij jou in de buurt<\/h1>\r\n\t<\/div>\r\n\t<div class=\"wpsl-search wpsl-clearfix wpsl-no-filters\">\r\n\t\t<div id=\"wpsl-search-wrap\">\r\n\t\t\t<form autocomplete=\"off\">\r\n\t\t\t<div class=\"wpsl-input\">\r\n\t\t\t\t<div class=\"wpsl__search-bar\" >\r\n\t\t\t\t\t<div class=\"wpsl__search-input-wrapper\">\t\t\t\t\t\t<span class=\"wpsl__search-icon\"><svg class=\"icon \" width=\"24\" height=\"24\"><use xlink:href=\"\/wp-content\/themes\/hobbynext\/src\/img\/sprite.svg#search\"><\/use><\/svg><svg class=\"wpsl__location-icon\" width=\"18\" height=\"21\" viewBox=\"0 0 18 21\" fill=\"none\" xmlns=\"http:\/\/www.w3.org\/2000\/svg\"><path d=\"M17.5 6.7C16.45 2.08 12.42 0 8.87998 0C8.87998 0 8.87998 0 8.86998 0C5.33998 0 1.29998 2.07 0.249978 6.69C-0.920022 11.85 2.23998 16.22 5.09998 18.97C6.15998 19.99 7.51998 20.5 8.87998 20.5C10.24 20.5 11.6 19.99 12.65 18.97C15.51 16.22 18.67 11.86 17.5 6.7ZM8.87998 11.71C7.13998 11.71 5.72998 10.3 5.72998 8.56C5.72998 6.82 7.13998 5.41 8.87998 5.41C10.62 5.41 12.03 6.82 12.03 8.56C12.03 10.3 10.62 11.71 8.87998 11.71Z\" fill=\"#18181B\"\/><\/svg><\/span>\t\t\t\t\t\t<input class=\"input\" id=\"wpsl-search-input\" type=\"text\" value=\"\" name=\"wpsl-search-input\" placeholder=\"Zoek op plaats, postcode\" aria-required=\"true\" \/>\r\n\t\t\t\t\t<\/div>\t\t\t\t\t<button class=\"wpsl__search-geo\">\t\t\t\t\t\t<div class=\"wpsl-icon-direction\"><svg class=\"icon \" width=\"24\" height=\"24\"><use xlink:href=\"\/wp-content\/themes\/hobbynext\/src\/img\/sprite.svg#positionloc\"><\/use><\/svg><\/div>\t\t\t\t\t<\/button>\t\t\t\t<\/div>\r\n\t\t\t<\/div>\r\n\t\t\t<div class=\"wpsl-search-bottom-row\">\r\n\n\t\t<div class=\"select-dropdown js-store-game-filter\">\n\t\t\t<span class=\"select-dropdown__head\">\n\t\t\t\t<svg width=\"20\" height=\"20\" viewBox=\"0 0 20 20\" fill=\"none\" xmlns=\"http:\/\/www.w3.org\/2000\/svg\"><path d=\"M18.95 2.13C18.66 1.71 18.29 1.34 17.87 1.05C16.92 0.36 15.68 0 14.19 0H5.81C5.61 0 5.41 0.00999997 5.22 0.03C1.94 0.24 0 2.37 0 5.81V14.19C0 15.68 0.36 16.92 1.05 17.87C1.34 18.29 1.71 18.66 2.13 18.95C2.95 19.55 3.99 19.9 5.22 19.98C5.41 19.99 5.61 20 5.81 20H14.19C17.83 20 20 17.83 20 14.19V5.81C20 4.32 19.64 3.08 18.95 2.13ZM6.46 8.68L5.97 8.17C5.71 7.91 5.5 7.44 5.5 7.12V5.92C5.5 5.29 5.97 4.82 6.55 4.82H8.69C9.1 4.82 9.35 5.27 9.13 5.62L7.28 8.6C7.1 8.89 6.69 8.93 6.46 8.68ZM14.5 7.02C14.5 7.44 14.24 7.96 13.98 8.22L11.73 10.21C11.42 10.47 11.21 10.99 11.21 11.41V13.66C11.21 13.97 11 14.39 10.74 14.55L10 15.02C9.32 15.44 8.38 14.97 8.38 14.13V11.36C8.38 10.99 8.17 10.52 7.96 10.26L7.72 10C7.56 9.83 7.53 9.57 7.65 9.36L10.33 5.06C10.43 4.91 10.59 4.81 10.77 4.81H13.45C14.03 4.81 14.5 5.28 14.5 5.86V7.02Z\" fill=\"#18181B\"\/><\/svg>\n\t\t\t\t<span class=\"select-dropdown__label\">Alle spellen<\/span>\n\n        <svg class=\"icon \" width=\"20\" height=\"20\"><use xlink:href=\"\/wp-content\/themes\/hobbynext\/src\/img\/sprite.svg#caret-down\"><\/use><\/svg>\n\t\t\t<\/span>\n\t\t\t<div class=\"select-dropdown__list\">\n\t\t\t\t<div class=\"select-dropdown__wrapper\">\n          <div class=\"select-dropdown__item\">\n\t\t\t\t\t\t<input type=\"radio\" id=\"input0\" name=\"cat\" value=\"\">\n\t\t\t\t\t\t<label for=\"input0\">Alle spellen<\/label>\n\t\t\t\t\t<\/div>\n\t\t\t\t\t<div class=\"select-dropdown__item\">\n\t\t\t\t\t<input type=\"radio\" id=\"input1209\" name=\"cat\" value=\"1209\" >\n\t\t\t\t\t<label for=\"input1209\"><p class=\"mb-0\">FIRST GIANTS \u2013 Een strategisch bordspel in een prehistorische wereld<\/p><img loading=\"lazy\" decoding=\"async\" width=\"1872\" height=\"781\" src=\"https:\/\/cdn.svc.asmodee.net\/production-hobbynext\/uploads\/sites\/10\/2026\/03\/PNG-72-DPI-FG_TITLES_Logo.png\" class=\"attachment-full size-full\" alt=\"FIRST GIANTS \u2013 Een strategisch bordspel in een prehistorische wereld\" srcset=\"https:\/\/cdn.svc.asmodee.net\/production-hobbynext\/uploads\/sites\/10\/2026\/03\/PNG-72-DPI-FG_TITLES_Logo.png 1872w, https:\/\/cdn.svc.asmodee.net\/production-hobbynext\/uploads\/sites\/10\/2026\/03\/PNG-72-DPI-FG_TITLES_Logo-300x125.png 300w, https:\/\/cdn.svc.asmodee.net\/production-hobbynext\/uploads\/sites\/10\/2026\/03\/PNG-72-DPI-FG_TITLES_Logo-1024x427.png 1024w, https:\/\/cdn.svc.asmodee.net\/production-hobbynext\/uploads\/sites\/10\/2026\/03\/PNG-72-DPI-FG_TITLES_Logo-768x320.png 768w, https:\/\/cdn.svc.asmodee.net\/production-hobbynext\/uploads\/sites\/10\/2026\/03\/PNG-72-DPI-FG_TITLES_Logo-1536x641.png 1536w, https:\/\/cdn.svc.asmodee.net\/production-hobbynext\/uploads\/sites\/10\/2026\/03\/PNG-72-DPI-FG_TITLES_Logo-550x229.png 550w, https:\/\/cdn.svc.asmodee.net\/production-hobbynext\/uploads\/sites\/10\/2026\/03\/PNG-72-DPI-FG_TITLES_Logo-1100x459.png 1100w, https:\/\/cdn.svc.asmodee.net\/production-hobbynext\/uploads\/sites\/10\/2026\/03\/PNG-72-DPI-FG_TITLES_Logo-450x188.png 450w, https:\/\/cdn.svc.asmodee.net\/production-hobbynext\/uploads\/sites\/10\/2026\/03\/PNG-72-DPI-FG_TITLES_Logo-900x375.png 900w, https:\/\/cdn.svc.asmodee.net\/production-hobbynext\/uploads\/sites\/10\/2026\/03\/PNG-72-DPI-FG_TITLES_Logo-250x104.png 250w, https:\/\/cdn.svc.asmodee.net\/production-hobbynext\/uploads\/sites\/10\/2026\/03\/PNG-72-DPI-FG_TITLES_Logo-500x209.png 500w\" sizes=\"(max-width: 1872px) 100vw, 1872px\" \/><\/label>\n\t\t\t\t<\/div><div class=\"select-dropdown__item\">\n\t\t\t\t\t<input type=\"radio\" id=\"input1193\" name=\"cat\" value=\"1193\" >\n\t\t\t\t\t<label for=\"input1193\"><p class=\"mb-0\">Arkham Horror &#8211; het griezelige kaartspel\u202f!<\/p><img loading=\"lazy\" decoding=\"async\" width=\"176\" height=\"79\" src=\"https:\/\/cdn.svc.asmodee.net\/production-hobbynext\/uploads\/sites\/10\/2026\/02\/ahc01_collection-1.jpg\" class=\"attachment-full size-full\" alt=\"Arkham Horror - het griezelige kaartspel\u202f!\" \/><\/label>\n\t\t\t\t<\/div><div class=\"select-dropdown__item\">\n\t\t\t\t\t<input type=\"radio\" id=\"input548\" name=\"cat\" value=\"548\" >\n\t\t\t\t\t<label for=\"input548\"><p class=\"mb-0\"><i>Star Wars\u2122<\/i>: Unlimited &#8211; Collectible card game.<\/p><img loading=\"lazy\" decoding=\"async\" width=\"502\" height=\"322\" src=\"https:\/\/cdn.svc.asmodee.net\/production-hobbynext\/uploads\/sites\/10\/2025\/01\/PNG-72-DPI-SW_Unlimited_Logo_Final-1.png\" class=\"attachment-full size-full\" alt=\"Star Wars\u2122: Unlimited - Collectible card game.\" srcset=\"https:\/\/cdn.svc.asmodee.net\/production-hobbynext\/uploads\/sites\/10\/2025\/01\/PNG-72-DPI-SW_Unlimited_Logo_Final-1.png 502w, https:\/\/cdn.svc.asmodee.net\/production-hobbynext\/uploads\/sites\/10\/2025\/01\/PNG-72-DPI-SW_Unlimited_Logo_Final-1-300x192.png 300w, https:\/\/cdn.svc.asmodee.net\/production-hobbynext\/uploads\/sites\/10\/2025\/01\/PNG-72-DPI-SW_Unlimited_Logo_Final-1-450x289.png 450w, https:\/\/cdn.svc.asmodee.net\/production-hobbynext\/uploads\/sites\/10\/2025\/01\/PNG-72-DPI-SW_Unlimited_Logo_Final-1-250x160.png 250w, https:\/\/cdn.svc.asmodee.net\/production-hobbynext\/uploads\/sites\/10\/2025\/01\/PNG-72-DPI-SW_Unlimited_Logo_Final-1-500x321.png 500w\" sizes=\"(max-width: 502px) 100vw, 502px\" \/><\/label>\n\t\t\t\t<\/div>\n\t\t\t\t<\/div>\n\t\t\t<\/div>\n\t\t<\/div>\n\t\t\t\t\t<div class=\"wpsl-search-btn-wrap\"><input class=\"btn btn-secondary\" id=\"wpsl-search-btn\" type=\"submit\" value=\"Zoek op\"><\/div>\r\n\t\t\t<\/div>\r\n\t\t<\/form>\r\n\t\t<\/div>\r\n\t<\/div>\r\n\t<div id=\"wpsl-gmap\" class=\"wpsl-gmap-canvas\">\r\n\t\t<div id=\"didomi-gmap\" class=\"content-before-consent-map\" data-vendor=\"googlemap-fcxn8FYM\">\r\n\t\t\t<p>Google Maps is geblokkeerd vanwege je cookievoorkeuren.<br \/>U moet ons uw toestemming geven door op <a href=\"javascript:window.setConsentStatusForVendor('didomi-gmap')\" title=\"hier\">hier<\/a> te klikken.<\/p>\r\n\t\t\t<p class=\"privacy\">Voor meer informatie over hoe wij cookies gebruiken, verwijzen wij u naar ons <a href=\"\/politique-dutilisation-des-cookies-et-autres-traceurs\/\" title=\"cookiebeleid\">cookiebeleid<\/a>.<\/p>\r\n\t\t<\/div>\r\n\t<\/div>\r\n\t<div id=\"wpsl-result-list\">\r\n\t\t<div class=\"wpsl-drag-handle\" aria-hidden=\"true\"><\/div>\r\n\t\t<div class=\"wpsl-list-header\">\r\n\t\t\t<span class=\"wpsl-list-count\" id=\"wpsl-store-count\"><\/span>\r\n\t\t<\/div>\r\n\t\t<div id=\"wpsl-stores\" >\r\n\t\t\t<ul><\/ul>\r\n\t\t<\/div>\r\n\t\t<div id=\"wpsl-direction-details\">\r\n\t\t\t<ul><\/ul>\r\n\t\t<\/div>\r\n\t<\/div>\r\n<\/div>\r\n\n","protected":false},"excerpt":{"rendered":"","protected":false},"author":7,"featured_media":0,"parent":0,"menu_order":0,"comment_status":"closed","ping_status":"closed","template":"store-locator.php","meta":{"_acf_changed":false,"inline_featured_image":false,"footnotes":""},"acf":[],"yoast_head":"<!-- This site is optimized with the Yoast SEO plugin v22.9 - https:\/\/yoast.com\/wordpress\/plugins\/seo\/ -->\n<title>Spellenwinkels - hobbynext.be<\/title>\n<meta name=\"robots\" content=\"index, follow, max-snippet:-1, max-image-preview:large, max-video-preview:-1\" \/>\n<link rel=\"canonical\" href=\"https:\/\/www.hobbynext.be\/nl\/spellenwinkels\/\" \/>\n<meta property=\"og:locale\" content=\"nl_NL\" \/>\n<meta property=\"og:type\" content=\"article\" \/>\n<meta property=\"og:title\" content=\"Spellenwinkels - hobbynext.be\" \/>\n<meta property=\"og:url\" content=\"https:\/\/www.hobbynext.be\/nl\/spellenwinkels\/\" \/>\n<meta property=\"og:site_name\" content=\"hobbynext.be\" \/>\n<meta property=\"article:modified_time\" content=\"2024-10-07T12:42:11+00:00\" \/>\n<meta name=\"twitter:card\" content=\"summary_large_image\" \/>\n<meta name=\"twitter:label1\" content=\"Est. reading time\" \/>\n\t<meta name=\"twitter:data1\" content=\"1 minuut\" \/>\n<script type=\"application\/ld+json\" class=\"yoast-schema-graph\">{\"@context\":\"https:\/\/schema.org\",\"@graph\":[{\"@type\":\"WebPage\",\"@id\":\"https:\/\/www.hobbynext.be\/nl\/spellenwinkels\/\",\"url\":\"https:\/\/www.hobbynext.be\/nl\/spellenwinkels\/\",\"name\":\"Spellenwinkels - hobbynext.be\",\"isPartOf\":{\"@id\":\"https:\/\/www.hobbynext.be\/en\/#website\"},\"datePublished\":\"2024-09-19T12:47:39+00:00\",\"dateModified\":\"2024-10-07T12:42:11+00:00\",\"breadcrumb\":{\"@id\":\"https:\/\/www.hobbynext.be\/nl\/spellenwinkels\/#breadcrumb\"},\"inLanguage\":\"nl-NL\",\"potentialAction\":[{\"@type\":\"ReadAction\",\"target\":[\"https:\/\/www.hobbynext.be\/nl\/spellenwinkels\/\"]}]},{\"@type\":\"BreadcrumbList\",\"@id\":\"https:\/\/www.hobbynext.be\/nl\/spellenwinkels\/#breadcrumb\",\"itemListElement\":[{\"@type\":\"ListItem\",\"position\":1,\"name\":\"Home\",\"item\":\"https:\/\/www.hobbynext.be\/nl\/\"},{\"@type\":\"ListItem\",\"position\":2,\"name\":\"Spellenwinkels\"}]},{\"@type\":\"WebSite\",\"@id\":\"https:\/\/www.hobbynext.be\/en\/#website\",\"url\":\"https:\/\/www.hobbynext.be\/en\/\",\"name\":\"hobbynext.be\",\"description\":\"Obtenez des tr\u00e9sors en \u00e9dition limit\u00e9e\",\"publisher\":{\"@id\":\"https:\/\/www.hobbynext.be\/en\/#organization\"},\"potentialAction\":[{\"@type\":\"SearchAction\",\"target\":{\"@type\":\"EntryPoint\",\"urlTemplate\":\"https:\/\/www.hobbynext.be\/en\/?s={search_term_string}\"},\"query-input\":\"required name=search_term_string\"}],\"inLanguage\":\"nl-NL\"},{\"@type\":\"Organization\",\"@id\":\"https:\/\/www.hobbynext.be\/en\/#organization\",\"name\":\"hobbynext.be\",\"url\":\"https:\/\/www.hobbynext.be\/en\/\",\"logo\":{\"@type\":\"ImageObject\",\"inLanguage\":\"nl-NL\",\"@id\":\"https:\/\/www.hobbynext.be\/en\/#\/schema\/logo\/image\/\",\"url\":\"https:\/\/cdn.svc.asmodee.net\/production-hobbynext\/uploads\/sites\/10\/2024\/09\/cropped-23025_Hobby-Next_Metabar-Icon_Final_Colour-Black.png\",\"contentUrl\":\"https:\/\/cdn.svc.asmodee.net\/production-hobbynext\/uploads\/sites\/10\/2024\/09\/cropped-23025_Hobby-Next_Metabar-Icon_Final_Colour-Black.png\",\"width\":871,\"height\":755,\"caption\":\"hobbynext.be\"},\"image\":{\"@id\":\"https:\/\/www.hobbynext.be\/en\/#\/schema\/logo\/image\/\"}}]}<\/script>\n<!-- \/ Yoast SEO plugin. -->","yoast_head_json":{"title":"Spellenwinkels - hobbynext.be","robots":{"index":"index","follow":"follow","max-snippet":"max-snippet:-1","max-image-preview":"max-image-preview:large","max-video-preview":"max-video-preview:-1"},"canonical":"https:\/\/www.hobbynext.be\/nl\/spellenwinkels\/","og_locale":"nl_NL","og_type":"article","og_title":"Spellenwinkels - hobbynext.be","og_url":"https:\/\/www.hobbynext.be\/nl\/spellenwinkels\/","og_site_name":"hobbynext.be","article_modified_time":"2024-10-07T12:42:11+00:00","twitter_card":"summary_large_image","twitter_misc":{"Est. reading time":"1 minuut"},"schema":{"@context":"https:\/\/schema.org","@graph":[{"@type":"WebPage","@id":"https:\/\/www.hobbynext.be\/nl\/spellenwinkels\/","url":"https:\/\/www.hobbynext.be\/nl\/spellenwinkels\/","name":"Spellenwinkels - hobbynext.be","isPartOf":{"@id":"https:\/\/www.hobbynext.be\/en\/#website"},"datePublished":"2024-09-19T12:47:39+00:00","dateModified":"2024-10-07T12:42:11+00:00","breadcrumb":{"@id":"https:\/\/www.hobbynext.be\/nl\/spellenwinkels\/#breadcrumb"},"inLanguage":"nl-NL","potentialAction":[{"@type":"ReadAction","target":["https:\/\/www.hobbynext.be\/nl\/spellenwinkels\/"]}]},{"@type":"BreadcrumbList","@id":"https:\/\/www.hobbynext.be\/nl\/spellenwinkels\/#breadcrumb","itemListElement":[{"@type":"ListItem","position":1,"name":"Home","item":"https:\/\/www.hobbynext.be\/nl\/"},{"@type":"ListItem","position":2,"name":"Spellenwinkels"}]},{"@type":"WebSite","@id":"https:\/\/www.hobbynext.be\/en\/#website","url":"https:\/\/www.hobbynext.be\/en\/","name":"hobbynext.be","description":"Obtenez des tr\u00e9sors en \u00e9dition limit\u00e9e","publisher":{"@id":"https:\/\/www.hobbynext.be\/en\/#organization"},"potentialAction":[{"@type":"SearchAction","target":{"@type":"EntryPoint","urlTemplate":"https:\/\/www.hobbynext.be\/en\/?s={search_term_string}"},"query-input":"required name=search_term_string"}],"inLanguage":"nl-NL"},{"@type":"Organization","@id":"https:\/\/www.hobbynext.be\/en\/#organization","name":"hobbynext.be","url":"https:\/\/www.hobbynext.be\/en\/","logo":{"@type":"ImageObject","inLanguage":"nl-NL","@id":"https:\/\/www.hobbynext.be\/en\/#\/schema\/logo\/image\/","url":"https:\/\/cdn.svc.asmodee.net\/production-hobbynext\/uploads\/sites\/10\/2024\/09\/cropped-23025_Hobby-Next_Metabar-Icon_Final_Colour-Black.png","contentUrl":"https:\/\/cdn.svc.asmodee.net\/production-hobbynext\/uploads\/sites\/10\/2024\/09\/cropped-23025_Hobby-Next_Metabar-Icon_Final_Colour-Black.png","width":871,"height":755,"caption":"hobbynext.be"},"image":{"@id":"https:\/\/www.hobbynext.be\/en\/#\/schema\/logo\/image\/"}}]}},"_links":{"self":[{"href":"https:\/\/www.hobbynext.be\/nl\/wp-json\/wp\/v2\/pages\/121"}],"collection":[{"href":"https:\/\/www.hobbynext.be\/nl\/wp-json\/wp\/v2\/pages"}],"about":[{"href":"https:\/\/www.hobbynext.be\/nl\/wp-json\/wp\/v2\/types\/page"}],"author":[{"embeddable":true,"href":"https:\/\/www.hobbynext.be\/nl\/wp-json\/wp\/v2\/users\/7"}],"replies":[{"embeddable":true,"href":"https:\/\/www.hobbynext.be\/nl\/wp-json\/wp\/v2\/comments?post=121"}],"version-history":[{"count":1,"href":"https:\/\/www.hobbynext.be\/nl\/wp-json\/wp\/v2\/pages\/121\/revisions"}],"predecessor-version":[{"id":122,"href":"https:\/\/www.hobbynext.be\/nl\/wp-json\/wp\/v2\/pages\/121\/revisions\/122"}],"wp:attachment":[{"href":"https:\/\/www.hobbynext.be\/nl\/wp-json\/wp\/v2\/media?parent=121"}],"curies":[{"name":"wp","href":"https:\/\/api.w.org\/{rel}","templated":true}]}}